{"id":163,"date":"2021-10-20T14:45:45","date_gmt":"2021-10-20T17:45:45","guid":{"rendered":"https:\/\/www.twtinfo.com.br\/?page_id=163"},"modified":"2022-03-11T14:10:57","modified_gmt":"2022-03-11T17:10:57","slug":"servicos","status":"publish","type":"page","link":"https:\/\/www.twtinfo.com.br\/es\/servicos\/","title":{"rendered":"TWT CONSULT"},"content":{"rendered":"<p class=\"qtranxs-available-languages-message qtranxs-available-languages-message-es\">Disculpa, pero esta entrada est\u00e1 disponible s\u00f3lo en <a href=\"https:\/\/www.twtinfo.com.br\/pb\/wp-json\/wp\/v2\/pages\/163\" class=\"qtranxs-available-language-link qtranxs-available-language-link-pb\" title=\"Portugu\u00eas do Brasil\">Portugu\u00eas do Brasil<\/a>.<\/p>","protected":false},"excerpt":{"rendered":"<p>Disculpa, pero esta entrada est\u00e1 disponible s\u00f3lo en Portugu\u00eas do Brasil.<\/p>\n","protected":false},"author":1,"featured_media":957,"parent":0,"menu_order":9,"comment_status":"closed","ping_status":"closed","template":"servicos.php","meta":{"_acf_changed":false,"om_disable_all_campaigns":false,"_monsterinsights_skip_tracking":false,"_monsterinsights_sitenote_active":false,"_monsterinsights_sitenote_note":"","_monsterinsights_sitenote_category":0,"_uf_show_specific_survey":0,"_uf_disable_surveys":false,"footnotes":""},"class_list":["post-163","page","type-page","status-publish","has-post-thumbnail","hentry"],"acf":[],"aioseo_notices":[],"_links":{"self":[{"href":"https:\/\/www.twtinfo.com.br\/es\/wp-json\/wp\/v2\/pages\/163","targetHints":{"allow":["GET"]}}],"collection":[{"href":"https:\/\/www.twtinfo.com.br\/es\/wp-json\/wp\/v2\/pages"}],"about":[{"href":"https:\/\/www.twtinfo.com.br\/es\/wp-json\/wp\/v2\/types\/page"}],"author":[{"embeddable":true,"href":"https:\/\/www.twtinfo.com.br\/es\/wp-json\/wp\/v2\/users\/1"}],"replies":[{"embeddable":true,"href":"https:\/\/www.twtinfo.com.br\/es\/wp-json\/wp\/v2\/comments?post=163"}],"version-history":[{"count":13,"href":"https:\/\/www.twtinfo.com.br\/es\/wp-json\/wp\/v2\/pages\/163\/revisions"}],"predecessor-version":[{"id":2054,"href":"https:\/\/www.twtinfo.com.br\/es\/wp-json\/wp\/v2\/pages\/163\/revisions\/2054"}],"wp:featuredmedia":[{"embeddable":true,"href":"https:\/\/www.twtinfo.com.br\/es\/wp-json\/wp\/v2\/media\/957"}],"wp:attachment":[{"href":"https:\/\/www.twtinfo.com.br\/es\/wp-json\/wp\/v2\/media?parent=163"}],"curies":[{"name":"wp","href":"https:\/\/api.w.org\/{rel}","templated":true}]}}